{"id":8712,"date":"2023-04-25T16:26:21","date_gmt":"2023-04-25T16:26:21","guid":{"rendered":"https:\/\/www.glasstechmexico.com\/?page_id=8712"},"modified":"2023-04-25T16:30:02","modified_gmt":"2023-04-25T16:30:02","slug":"hipad","status":"publish","type":"page","link":"https:\/\/uzglass.com\/ru\/exhibitor-list\/hipad\/","title":{"rendered":"QINGDAO HIPAD INTERNATIONAL TRADE CO.,LTD"},"content":{"rendered":"<h5 style=\"text-align: center;\">QINGDAO HIPAD INTERNATIONAL TRADE CO.,LTD\u00a0 \u00a0N\u00famero de stand: AH18<\/h5>\n<h5 style=\"text-align: center;\"><img loading=\"lazy\" decoding=\"async\" class=\"alignnone wp-image-8713\" src=\"https:\/\/www.glasstechmexico.com\/wp-content\/uploads\/2023\/04\/QINGDAO-HIPAD-logo-300x300-1.jpg\" alt=\"\" width=\"185\" height=\"185\" srcset=\"https:\/\/uzglass.com\/wp-content\/uploads\/2023\/04\/QINGDAO-HIPAD-logo-300x300-1.jpg 300w, https:\/\/uzglass.com\/wp-content\/uploads\/2023\/04\/QINGDAO-HIPAD-logo-300x300-1-150x150.jpg 150w\" sizes=\"(max-width: 185px) 100vw, 185px\" \/><\/h5>\n<h5 style=\"text-align: center;\"><strong>www.hipadroller.com<\/strong><\/h5>\n<p style=\"text-align: center;\"><strong>Introducci\u00f3n de la Compa\u00f1\u00eda:<\/strong><\/p>\n<p style=\"text-align: center;\">Qingdao Hipad,one-stop professional supplier,mainly producing bearings, all kind of rollers with over 20+ years experience.<\/p>\n<p style=\"text-align: center;\">Factory is in Liaocheng,exporting office in Qingdao. The convenient transportation is much helpful for delivery &#038; clients visiting. With fullfilled experience on bearings,window door rollers accessories,till now we have already built so many long term cooperation with clients in the words,such as Turkey,South America,Poland, USA,Mexico &#8230;.<\/p>\n<p style=\"text-align: center;\">We have our own bearings,injection,polishing\/turning and installing production lines.From raw material to final assembling,produce ourselves to\u00a0make sure each process with lower cost\u00a0&#038; stable quality.<\/p>\n<p style=\"text-align: center;\">Over 50 sets injection machines, 40 sets other machines,5000 pcs different moulds and several production lines to meet the demand of cutting,punching,installing&#8230;<\/p>\n<p style=\"text-align: center;\">Our have a stable &#038; professional exporting team. With much product&#8217;s experience,skilled communication,to make sure we could know well clients demand\/requirement. And our goods after-sales service could offer clients better support according to market feedback. Hope to work together with you! Believe our stable quality goods with competitive price would help you to get more market,develop better!<\/p>\n<p style=\"text-align: center;\"><strong>Productos:<\/strong><\/p>\n<p style=\"text-align: center;\">Window door roller wheels , Bearings, window door locks &#038; handles, window door accessories<\/p>\n<pre id=\"tw-target-text\" class=\"tw-data-text tw-text-large tw-ta\" dir=\"ltr\" data-placeholder=\"Translation\"><\/pre>\n<p><img loading=\"lazy\" decoding=\"async\" class=\"alignnone wp-image-8715\" src=\"https:\/\/www.glasstechmexico.com\/wp-content\/uploads\/2023\/04\/QINGDAO-HIPAD2-300x300.png\" alt=\"\" width=\"224\" height=\"224\" srcset=\"https:\/\/uzglass.com\/wp-content\/uploads\/2023\/04\/QINGDAO-HIPAD2-300x300.png 300w, https:\/\/uzglass.com\/wp-content\/uploads\/2023\/04\/QINGDAO-HIPAD2-150x150.png 150w, https:\/\/uzglass.com\/wp-content\/uploads\/2023\/04\/QINGDAO-HIPAD2-768x768.png 768w, https:\/\/uzglass.com\/wp-content\/uploads\/2023\/04\/QINGDAO-HIPAD2.png 775w\" sizes=\"(max-width: 224px) 100vw, 224px\" \/> <img loading=\"lazy\" decoding=\"async\" class=\"alignnone wp-image-8716\" src=\"https:\/\/www.glasstechmexico.com\/wp-content\/uploads\/2023\/04\/QINGDAO-HIPAD3-300x300.png\" alt=\"\" width=\"210\" height=\"210\" srcset=\"https:\/\/uzglass.com\/wp-content\/uploads\/2023\/04\/QINGDAO-HIPAD3-300x300.png 300w, https:\/\/uzglass.com\/wp-content\/uploads\/2023\/04\/QINGDAO-HIPAD3-150x150.png 150w, https:\/\/uzglass.com\/wp-content\/uploads\/2023\/04\/QINGDAO-HIPAD3.png 691w\" sizes=\"(max-width: 210px) 100vw, 210px\" \/> <img loading=\"lazy\" decoding=\"async\" class=\"alignnone wp-image-8717\" src=\"https:\/\/www.glasstechmexico.com\/wp-content\/uploads\/2023\/04\/QINGDAO-HIPAD4-300x300.png\" alt=\"\" width=\"198\" height=\"198\" srcset=\"https:\/\/uzglass.com\/wp-content\/uploads\/2023\/04\/QINGDAO-HIPAD4-300x300.png 300w, https:\/\/uzglass.com\/wp-content\/uploads\/2023\/04\/QINGDAO-HIPAD4-150x150.png 150w, https:\/\/uzglass.com\/wp-content\/uploads\/2023\/04\/QINGDAO-HIPAD4.png 733w\" sizes=\"(max-width: 198px) 100vw, 198px\" \/> <img loading=\"lazy\" decoding=\"async\" class=\"alignnone wp-image-8718\" src=\"https:\/\/www.glasstechmexico.com\/wp-content\/uploads\/2023\/04\/QINGDAO-HIPAD5-300x298.png\" alt=\"\" width=\"227\" height=\"225\" srcset=\"https:\/\/uzglass.com\/wp-content\/uploads\/2023\/04\/QINGDAO-HIPAD5-300x298.png 300w, https:\/\/uzglass.com\/wp-content\/uploads\/2023\/04\/QINGDAO-HIPAD5-150x150.png 150w, https:\/\/uzglass.com\/wp-content\/uploads\/2023\/04\/QINGDAO-HIPAD5-768x763.png 768w, https:\/\/uzglass.com\/wp-content\/uploads\/2023\/04\/QINGDAO-HIPAD5.png 862w\" sizes=\"(max-width: 227px) 100vw, 227px\" \/> <img loading=\"lazy\" decoding=\"async\" class=\"alignnone wp-image-8719\" src=\"https:\/\/www.glasstechmexico.com\/wp-content\/uploads\/2023\/04\/QINGDAO-HIPAD-1-300x300.png\" alt=\"\" width=\"226\" height=\"226\" srcset=\"https:\/\/uzglass.com\/wp-content\/uploads\/2023\/04\/QINGDAO-HIPAD-1-300x300.png 300w, https:\/\/uzglass.com\/wp-content\/uploads\/2023\/04\/QINGDAO-HIPAD-1-150x150.png 150w, https:\/\/uzglass.com\/wp-content\/uploads\/2023\/04\/QINGDAO-HIPAD-1.png 750w\" sizes=\"(max-width: 226px) 100vw, 226px\" \/><\/p>\n<div style=\"width: 640px;\" class=\"wp-video\"><!--[if lt IE 9]><script>document.createElement('video');<\/script><![endif]-->\n<video class=\"wp-video-shortcode\" id=\"video-8712-1\" width=\"640\" height=\"368\" preload=\"metadata\" controls=\"controls\"><source type=\"video\/mp4\" src=\"https:\/\/www.glasstechmexico.com\/wp-content\/uploads\/2023\/04\/QINGDAO-HIPAD-video.mp4?_=1\" \/><a href=\"https:\/\/www.glasstechmexico.com\/wp-content\/uploads\/2023\/04\/QINGDAO-HIPAD-video.mp4\">https:\/\/www.glasstechmexico.com\/wp-content\/uploads\/2023\/04\/QINGDAO-HIPAD-video.mp4<\/a><\/video><\/div>\n","protected":false},"excerpt":{"rendered":"<p>QINGDAO HIPAD INTERNATIONAL TRADE CO.,LTD\u00a0 \u00a0N\u00famero de stand: AH18 www.hipadroller.com Introducci\u00f3n de la Compa\u00f1\u00eda: Qingdao Hipad,one-stop professional supplier,mainly producing bearings, all kind of rollers with over 20+ years experience. Factory is in Liaocheng,exporting office in Qingdao. The convenient transportation is much helpful for delivery &#038; clients visiting. With fullfilled experience on bearings,window door rollers accessories,till [&hellip;]<\/p>\n","protected":false},"author":1,"featured_media":0,"parent":7964,"menu_order":0,"comment_status":"closed","ping_status":"closed","template":"","meta":{"footnotes":""},"class_list":["post-8712","page","type-page","status-publish","hentry"],"_links":{"self":[{"href":"https:\/\/uzglass.com\/ru\/wp-json\/wp\/v2\/pages\/8712"}],"collection":[{"href":"https:\/\/uzglass.com\/ru\/wp-json\/wp\/v2\/pages"}],"about":[{"href":"https:\/\/uzglass.com\/ru\/wp-json\/wp\/v2\/types\/page"}],"author":[{"embeddable":true,"href":"https:\/\/uzglass.com\/ru\/wp-json\/wp\/v2\/users\/1"}],"replies":[{"embeddable":true,"href":"https:\/\/uzglass.com\/ru\/wp-json\/wp\/v2\/comments?post=8712"}],"version-history":[{"count":3,"href":"https:\/\/uzglass.com\/ru\/wp-json\/wp\/v2\/pages\/8712\/revisions"}],"predecessor-version":[{"id":8730,"href":"https:\/\/uzglass.com\/ru\/wp-json\/wp\/v2\/pages\/8712\/revisions\/8730"}],"up":[{"embeddable":true,"href":"https:\/\/uzglass.com\/ru\/wp-json\/wp\/v2\/pages\/7964"}],"wp:attachment":[{"href":"https:\/\/uzglass.com\/ru\/wp-json\/wp\/v2\/media?parent=8712"}],"curies":[{"name":"wp","href":"https:\/\/api.w.org\/{rel}","templated":true}]}}